{"id":1190,"date":"2023-09-16T20:39:12","date_gmt":"2023-09-16T20:39:12","guid":{"rendered":"https:\/\/guaraexpedicoes.com.br\/sigaolobo\/?page_id=1190"},"modified":"2025-03-06T12:57:10","modified_gmt":"2025-03-06T12:57:10","slug":"festa-junina","status":"publish","type":"page","link":"https:\/\/guaraexpedicoes.com.br\/sigaolobo\/festa-junina\/","title":{"rendered":"Festa Junina da Guar\u00e1"},"content":{"rendered":"\t\t<div data-elementor-type=\"wp-page\" data-elementor-id=\"1190\" class=\"elementor elementor-1190\" data-elementor-post-type=\"page\">\n\t\t\t\t\t\t<section class=\"elementor-section elementor-top-section elementor-element elementor-element-1ced74e4 elementor-section-height-min-height elementor-section-boxed elementor-section-height-default elementor-section-items-middle elementor-invisible\" data-id=\"1ced74e4\" data-element_type=\"section\" data-e-type=\"section\" data-settings=\"{&quot;background_background&quot;:&quot;gradient&quot;,&quot;animation&quot;:&quot;fadeIn&quot;}\">\n\t\t\t\t\t\t\t<div class=\"elementor-background-overlay\"><\/div>\n\t\t\t\t\t\t\t<div class=\"elementor-container elementor-column-gap-default\">\n\t\t\t\t\t<div class=\"elementor-column elementor-col-100 elementor-top-column elementor-element elementor-element-3786422\" data-id=\"3786422\" data-element_type=\"column\" data-e-type=\"column\">\n\t\t\t<div class=\"elementor-widget-wrap elementor-element-populated\">\n\t\t\t\t\t\t<div class=\"elementor-element elementor-element-1e79fca4 elementor-widget elementor-widget-spacer\" data-id=\"1e79fca4\" data-element_type=\"widget\" data-e-type=\"widget\" data-widget_type=\"spacer.default\">\n\t\t\t\t<div class=\"elementor-widget-container\">\n\t\t\t\t\t\t\t<div class=\"elementor-spacer\">\n\t\t\t<div class=\"elementor-spacer-inner\"><\/div>\n\t\t<\/div>\n\t\t\t\t\t\t<\/div>\n\t\t\t\t<\/div>\n\t\t\t\t<div class=\"elementor-element elementor-element-4cec4ef elementor-widget elementor-widget-image\" data-id=\"4cec4ef\" data-element_type=\"widget\" data-e-type=\"widget\" data-widget_type=\"image.default\">\n\t\t\t\t<div class=\"elementor-widget-container\">\n\t\t\t\t\t\t\t\t\t\t\t\t\t\t\t<img decoding=\"async\" width=\"200\" height=\"239\" src=\"https:\/\/guaraexpedicoes.com.br\/sigaolobo\/wp-content\/uploads\/2023\/03\/logo-gura-200.png\" class=\"attachment-medium size-medium wp-image-254\" alt=\"\" \/>\t\t\t\t\t\t\t\t\t\t\t\t\t\t\t<\/div>\n\t\t\t\t<\/div>\n\t\t\t\t<div class=\"elementor-element elementor-element-0122f46 elementor-invisible elementor-widget elementor-widget-heading\" data-id=\"0122f46\" data-element_type=\"widget\" data-e-type=\"widget\" data-settings=\"{&quot;_animation&quot;:&quot;fadeIn&quot;}\" data-widget_type=\"heading.default\">\n\t\t\t\t<div class=\"elementor-widget-container\">\n\t\t\t\t\t<h1 class=\"elementor-heading-title elementor-size-default\">vai ter pipoca, quent\u00e3o<br>e casamento caipira<\/h1>\t\t\t\t<\/div>\n\t\t\t\t<\/div>\n\t\t\t\t<div class=\"elementor-element elementor-element-308c4f82 elementor-invisible elementor-widget elementor-widget-heading\" data-id=\"308c4f82\" data-element_type=\"widget\" data-e-type=\"widget\" data-settings=\"{&quot;_animation&quot;:&quot;fadeInUp&quot;,&quot;_animation_delay&quot;:500}\" data-widget_type=\"heading.default\">\n\t\t\t\t<div class=\"elementor-widget-container\">\n\t\t\t\t\t<h3 class=\"elementor-heading-title elementor-size-default\">De 30 de maio a 01 de junho<\/h3>\t\t\t\t<\/div>\n\t\t\t\t<\/div>\n\t\t\t\t\t<\/div>\n\t\t<\/div>\n\t\t\t\t\t<\/div>\n\t\t<\/section>\n\t\t\t\t<section class=\"elementor-section elementor-top-section elementor-element elementor-element-9d0569a elementor-section-boxed elementor-section-height-default elementor-section-height-default\" data-id=\"9d0569a\" data-element_type=\"section\" data-e-type=\"section\" data-settings=\"{&quot;background_background&quot;:&quot;classic&quot;}\">\n\t\t\t\t\t\t<div class=\"elementor-container elementor-column-gap-default\">\n\t\t\t\t\t<div class=\"elementor-column elementor-col-50 elementor-top-column elementor-element elementor-element-50621b15\" data-id=\"50621b15\" data-element_type=\"column\" data-e-type=\"column\">\n\t\t\t<div class=\"elementor-widget-wrap elementor-element-populated\">\n\t\t\t\t\t\t<div class=\"elementor-element elementor-element-9fc1d0c elementor-widget elementor-widget-text-editor\" data-id=\"9fc1d0c\" data-element_type=\"widget\" data-e-type=\"widget\" data-widget_type=\"text-editor.default\">\n\t\t\t\t<div class=\"elementor-widget-container\">\n\t\t\t\t\t\t\t\t\t<p>Festa da Guar\u00e1 apenas no final de ano, \u00e9 muito pouco!!!!<\/p><p>Ent\u00e3o venha para nossa festa junina, vai ter quent\u00e3o, pipoca, milho e muita divers\u00e3o.\u00a0<\/p><p>O lugar? Imagina se n\u00e3o \u00e9 S\u00e3o Luiz do Paraitinga!! Mais caipira que isso s\u00f3 se for no camping Bicho d&#8217;\u00c1gua.<\/p><p><strong>Programa\u00e7\u00e3o<\/strong><\/p><p>Abertura do camping para a festa da Guar\u00e1 a partir das 14 horas de sexta-feira.\u00a0<\/p><p>O jantar ser\u00e1 comunit\u00e1rio, onde cada um leva algo para compor a mesa. Pode ser queijos, quitutes, p\u00e3es, especiarias.<\/p><p>Como nas Travessias, o caf\u00e9 da manh\u00e3 cada um \u00e9 respons\u00e1vel pelo seu.\u00a0<\/p><p>No s\u00e1bado, o almo\u00e7o ser\u00e1 aquela comida especial com sabor de acampamento e o jantar o j\u00e1 tradicional Cachorro Quente de fogueira, quem j\u00e1 experimentou, sabe que \u00e9 delicioso.\u00a0<\/p><p>Tamb\u00e9m ter\u00e1 muita divers\u00e3o, quitutes e claro, o som do Toca na Terra.\u00a0<\/p><p><strong>Valores por participante<\/strong><br \/>R$ 360,00 por pessoa inclu\u00eddo camping por duas noites e as refei\u00e7\u00f5es do dia 08 (almo\u00e7o e jantar)<\/p><p>\u2013 Crian\u00e7as de 0 a 6 anos livre<\/p><p>\u2013 6 a 11 anos \u2013 50% de desconto<\/p><p><strong>Forma de pagamento<\/strong><br \/>R$ 108,00 para reserva da vaga (n\u00e3o reembols\u00e1vel)<\/p><p>Saldo de R$ 252,00 at\u00e9 o dia 15 de maio<\/p><p><strong>Incluso:<\/strong><\/p><p>\u2013 Um almo\u00e7o, um jantar e duas di\u00e1rias de camping<\/p><p><strong>N\u00e3o incluso:<\/strong><\/p><p>\u2013 Caf\u00e9s da manh\u00e3, bebidas e demais itens n\u00e3o descritos como inclusos<\/p>\t\t\t\t\t\t\t\t<\/div>\n\t\t\t\t<\/div>\n\t\t\t\t<div class=\"elementor-element elementor-element-8c1085d elementor-align-center elementor-widget elementor-widget-button\" data-id=\"8c1085d\" data-element_type=\"widget\" data-e-type=\"widget\" data-widget_type=\"button.default\">\n\t\t\t\t<div class=\"elementor-widget-container\">\n\t\t\t\t\t\t\t\t\t<div class=\"elementor-button-wrapper\">\n\t\t\t\t\t<a class=\"elementor-button elementor-button-link elementor-size-sm\" href=\"https:\/\/forms.gle\/XAdv8pPKJF34L6YN8\">\n\t\t\t\t\t\t<span class=\"elementor-button-content-wrapper\">\n\t\t\t\t\t\t\t\t\t<span class=\"elementor-button-text\">Quero participar<\/span>\n\t\t\t\t\t<\/span>\n\t\t\t\t\t<\/a>\n\t\t\t\t<\/div>\n\t\t\t\t\t\t\t\t<\/div>\n\t\t\t\t<\/div>\n\t\t\t\t<div class=\"elementor-element elementor-element-a435194 elementor-invisible elementor-widget elementor-widget-heading\" data-id=\"a435194\" data-element_type=\"widget\" data-e-type=\"widget\" data-settings=\"{&quot;_animation&quot;:&quot;fadeInUp&quot;,&quot;_animation_delay&quot;:500}\" data-widget_type=\"heading.default\">\n\t\t\t\t<div class=\"elementor-widget-container\">\n\t\t\t\t\t<h2 class=\"elementor-heading-title elementor-size-default\">ATEN\u00c7\u00c3O: VAGAS LIMITADAS<\/h2>\t\t\t\t<\/div>\n\t\t\t\t<\/div>\n\t\t\t\t\t<\/div>\n\t\t<\/div>\n\t\t\t\t<div class=\"elementor-column elementor-col-50 elementor-top-column elementor-element elementor-element-44c5ed7\" data-id=\"44c5ed7\" data-element_type=\"column\" data-e-type=\"column\">\n\t\t\t<div class=\"elementor-widget-wrap elementor-element-populated\">\n\t\t\t\t\t\t<section class=\"elementor-section elementor-inner-section elementor-element elementor-element-e8ad249 elementor-section-boxed elementor-section-height-default elementor-section-height-default\" data-id=\"e8ad249\" data-element_type=\"section\" data-e-type=\"section\">\n\t\t\t\t\t\t<div class=\"elementor-container elementor-column-gap-default\">\n\t\t\t\t\t<div class=\"elementor-column elementor-col-100 elementor-inner-column elementor-element elementor-element-d1b8277\" data-id=\"d1b8277\" data-element_type=\"column\" data-e-type=\"column\">\n\t\t\t<div class=\"elementor-widget-wrap\">\n\t\t\t\t\t\t\t<\/div>\n\t\t<\/div>\n\t\t\t\t\t<\/div>\n\t\t<\/section>\n\t\t\t\t<div class=\"elementor-element elementor-element-8f2f0d0 elementor-widget elementor-widget-image\" data-id=\"8f2f0d0\" data-element_type=\"widget\" data-e-type=\"widget\" data-widget_type=\"image.default\">\n\t\t\t\t<div class=\"elementor-widget-container\">\n\t\t\t\t\t\t\t\t\t\t\t\t\t\t\t<img fetchpriority=\"high\" decoding=\"async\" width=\"1024\" height=\"1024\" src=\"https:\/\/guaraexpedicoes.com.br\/sigaolobo\/wp-content\/uploads\/2025\/02\/Festa-junina-1024x1024.png\" class=\"attachment-large size-large wp-image-3470\" alt=\"\" srcset=\"https:\/\/guaraexpedicoes.com.br\/sigaolobo\/wp-content\/uploads\/2025\/02\/Festa-junina-1024x1024.png 1024w, https:\/\/guaraexpedicoes.com.br\/sigaolobo\/wp-content\/uploads\/2025\/02\/Festa-junina-300x300.png 300w, https:\/\/guaraexpedicoes.com.br\/sigaolobo\/wp-content\/uploads\/2025\/02\/Festa-junina-150x150.png 150w, https:\/\/guaraexpedicoes.com.br\/sigaolobo\/wp-content\/uploads\/2025\/02\/Festa-junina-768x768.png 768w, https:\/\/guaraexpedicoes.com.br\/sigaolobo\/wp-content\/uploads\/2025\/02\/Festa-junina-1536x1536.png 1536w, https:\/\/guaraexpedicoes.com.br\/sigaolobo\/wp-content\/uploads\/2025\/02\/Festa-junina-600x600.png 600w, https:\/\/guaraexpedicoes.com.br\/sigaolobo\/wp-content\/uploads\/2025\/02\/Festa-junina-1320x1320.png 1320w, https:\/\/guaraexpedicoes.com.br\/sigaolobo\/wp-content\/uploads\/2025\/02\/Festa-junina.png 1920w\" sizes=\"(max-width: 1024px) 100vw, 1024px\" \/>\t\t\t\t\t\t\t\t\t\t\t\t\t\t\t<\/div>\n\t\t\t\t<\/div>\n\t\t\t\t<div class=\"elementor-element elementor-element-af99eee elementor-invisible elementor-widget elementor-widget-heading\" data-id=\"af99eee\" data-element_type=\"widget\" data-e-type=\"widget\" data-settings=\"{&quot;_animation&quot;:&quot;fadeInUp&quot;,&quot;_animation_delay&quot;:500}\" data-widget_type=\"heading.default\">\n\t\t\t\t<div class=\"elementor-widget-container\">\n\t\t\t\t\t<h2 class=\"elementor-heading-title elementor-size-default\">ATEN\u00c7\u00c3O: VAGAS LIMITADAS<\/h2>\t\t\t\t<\/div>\n\t\t\t\t<\/div>\n\t\t\t\t\t<\/div>\n\t\t<\/div>\n\t\t\t\t\t<\/div>\n\t\t<\/section>\n\t\t\t\t<section class=\"elementor-section elementor-top-section elementor-element elementor-element-f51e053 elementor-section-boxed elementor-section-height-default elementor-section-height-default\" data-id=\"f51e053\" data-element_type=\"section\" data-e-type=\"section\">\n\t\t\t\t\t\t<div class=\"elementor-container elementor-column-gap-default\">\n\t\t\t\t\t<div class=\"elementor-column elementor-col-100 elementor-top-column elementor-element elementor-element-ca3d0e0\" data-id=\"ca3d0e0\" data-element_type=\"column\" data-e-type=\"column\">\n\t\t\t<div class=\"elementor-widget-wrap\">\n\t\t\t\t\t\t\t<\/div>\n\t\t<\/div>\n\t\t\t\t\t<\/div>\n\t\t<\/section>\n\t\t\t\t<\/div>\n\t\t","protected":false},"excerpt":{"rendered":"<p>vai ter pipoca, quent\u00e3oe casamento caipira De 30 de maio a 01 de junho Festa da Guar\u00e1 apenas no final de ano, \u00e9 muito pouco!!!! Ent\u00e3o venha para nossa festa junina, vai ter quent\u00e3o, pipoca, milho e muita divers\u00e3o.\u00a0 O lugar? Imagina se n\u00e3o \u00e9 S\u00e3o Luiz do Paraitinga!! Mais caipira que isso s\u00f3 se [&hellip;]<\/p>\n","protected":false},"author":1,"featured_media":3470,"parent":0,"menu_order":0,"comment_status":"closed","ping_status":"closed","template":"","meta":{"_eb_attr":"","ocean_post_layout":"","ocean_both_sidebars_style":"","ocean_both_sidebars_content_width":0,"ocean_both_sidebars_sidebars_width":0,"ocean_sidebar":"","ocean_second_sidebar":"","ocean_disable_margins":"enable","ocean_add_body_class":"","ocean_shortcode_before_top_bar":"","ocean_shortcode_after_top_bar":"","ocean_shortcode_before_header":"","ocean_shortcode_after_header":"","ocean_has_shortcode":"","ocean_shortcode_after_title":"","ocean_shortcode_before_footer_widgets":"","ocean_shortcode_after_footer_widgets":"","ocean_shortcode_before_footer_bottom":"","ocean_shortcode_after_footer_bottom":"","ocean_display_top_bar":"default","ocean_display_header":"default","ocean_header_style":"","ocean_center_header_left_menu":"","ocean_custom_header_template":"","ocean_custom_logo":0,"ocean_custom_retina_logo":0,"ocean_custom_logo_max_width":0,"ocean_custom_logo_tablet_max_width":0,"ocean_custom_logo_mobile_max_width":0,"ocean_custom_logo_max_height":0,"ocean_custom_logo_tablet_max_height":0,"ocean_custom_logo_mobile_max_height":0,"ocean_header_custom_menu":"","ocean_menu_typo_font_family":"","ocean_menu_typo_font_subset":"","ocean_menu_typo_font_size":0,"ocean_menu_typo_font_size_tablet":0,"ocean_menu_typo_font_size_mobile":0,"ocean_menu_typo_font_size_unit":"px","ocean_menu_typo_font_weight":"","ocean_menu_typo_font_weight_tablet":"","ocean_menu_typo_font_weight_mobile":"","ocean_menu_typo_transform":"","ocean_menu_typo_transform_tablet":"","ocean_menu_typo_transform_mobile":"","ocean_menu_typo_line_height":0,"ocean_menu_typo_line_height_tablet":0,"ocean_menu_typo_line_height_mobile":0,"ocean_menu_typo_line_height_unit":"","ocean_menu_typo_spacing":0,"ocean_menu_typo_spacing_tablet":0,"ocean_menu_typo_spacing_mobile":0,"ocean_menu_typo_spacing_unit":"","ocean_menu_link_color":"","ocean_menu_link_color_hover":"","ocean_menu_link_color_active":"","ocean_menu_link_background":"","ocean_menu_link_hover_background":"","ocean_menu_link_active_background":"","ocean_menu_social_links_bg":"","ocean_menu_social_hover_links_bg":"","ocean_menu_social_links_color":"","ocean_menu_social_hover_links_color":"","ocean_disable_title":"default","ocean_disable_heading":"default","ocean_post_title":"","ocean_post_subheading":"","ocean_post_title_style":"","ocean_post_title_background_color":"","ocean_post_title_background":0,"ocean_post_title_bg_image_position":"","ocean_post_title_bg_image_attachment":"","ocean_post_title_bg_image_repeat":"","ocean_post_title_bg_image_size":"","ocean_post_title_height":0,"ocean_post_title_bg_overlay":0.5,"ocean_post_title_bg_overlay_color":"","ocean_disable_breadcrumbs":"default","ocean_breadcrumbs_color":"","ocean_breadcrumbs_separator_color":"","ocean_breadcrumbs_links_color":"","ocean_breadcrumbs_links_hover_color":"","ocean_display_footer_widgets":"default","ocean_display_footer_bottom":"default","ocean_custom_footer_template":"","footnotes":""},"class_list":["post-1190","page","type-page","status-publish","has-post-thumbnail","hentry","entry","has-media"],"yoast_head":"<!-- This site is optimized with the Yoast SEO plugin v27.2 - https:\/\/yoast.com\/product\/yoast-seo-wordpress\/ -->\n<title>Festa Junina da Guar\u00e1 - GUARA EXPEDI\u00c7\u00d5ES<\/title>\n<meta name=\"robots\" content=\"index, follow, max-snippet:-1, max-image-preview:large, max-video-preview:-1\" \/>\n<link rel=\"canonical\" href=\"https:\/\/guaraexpedicoes.com.br\/sigaolobo\/festa-junina\/\" \/>\n<meta property=\"og:locale\" content=\"pt_BR\" \/>\n<meta property=\"og:type\" content=\"article\" \/>\n<meta property=\"og:title\" content=\"Festa Junina da Guar\u00e1 - GUARA EXPEDI\u00c7\u00d5ES\" \/>\n<meta property=\"og:description\" content=\"vai ter pipoca, quent\u00e3oe casamento caipira De 30 de maio a 01 de junho Festa da Guar\u00e1 apenas no final de ano, \u00e9 muito pouco!!!! Ent\u00e3o venha para nossa festa junina, vai ter quent\u00e3o, pipoca, milho e muita divers\u00e3o.\u00a0 O lugar? Imagina se n\u00e3o \u00e9 S\u00e3o Luiz do Paraitinga!! Mais caipira que isso s\u00f3 se [&hellip;]\" \/>\n<meta property=\"og:url\" content=\"https:\/\/guaraexpedicoes.com.br\/sigaolobo\/festa-junina\/\" \/>\n<meta property=\"og:site_name\" content=\"GUARA EXPEDI\u00c7\u00d5ES\" \/>\n<meta property=\"article:modified_time\" content=\"2025-03-06T12:57:10+00:00\" \/>\n<meta property=\"og:image\" content=\"https:\/\/guaraexpedicoes.com.br\/sigaolobo\/wp-content\/uploads\/2025\/02\/Festa-junina-1024x1024.png\" \/>\n\t<meta property=\"og:image:width\" content=\"1024\" \/>\n\t<meta property=\"og:image:height\" content=\"1024\" \/>\n\t<meta property=\"og:image:type\" content=\"image\/png\" \/>\n<meta name=\"twitter:card\" content=\"summary_large_image\" \/>\n<meta name=\"twitter:label1\" content=\"Est. tempo de leitura\" \/>\n\t<meta name=\"twitter:data1\" content=\"2 minutos\" \/>\n<script type=\"application\/ld+json\" class=\"yoast-schema-graph\">{\"@context\":\"https:\/\/schema.org\",\"@graph\":[{\"@type\":\"WebPage\",\"@id\":\"https:\/\/guaraexpedicoes.com.br\/sigaolobo\/festa-junina\/\",\"url\":\"https:\/\/guaraexpedicoes.com.br\/sigaolobo\/festa-junina\/\",\"name\":\"Festa Junina da Guar\u00e1 - GUARA EXPEDI\u00c7\u00d5ES\",\"isPartOf\":{\"@id\":\"https:\/\/guaraexpedicoes.com.br\/sigaolobo\/#website\"},\"primaryImageOfPage\":{\"@id\":\"https:\/\/guaraexpedicoes.com.br\/sigaolobo\/festa-junina\/#primaryimage\"},\"image\":{\"@id\":\"https:\/\/guaraexpedicoes.com.br\/sigaolobo\/festa-junina\/#primaryimage\"},\"thumbnailUrl\":\"https:\/\/guaraexpedicoes.com.br\/sigaolobo\/wp-content\/uploads\/2025\/02\/Festa-junina.png\",\"datePublished\":\"2023-09-16T20:39:12+00:00\",\"dateModified\":\"2025-03-06T12:57:10+00:00\",\"breadcrumb\":{\"@id\":\"https:\/\/guaraexpedicoes.com.br\/sigaolobo\/festa-junina\/#breadcrumb\"},\"inLanguage\":\"pt-BR\",\"potentialAction\":[{\"@type\":\"ReadAction\",\"target\":[\"https:\/\/guaraexpedicoes.com.br\/sigaolobo\/festa-junina\/\"]}]},{\"@type\":\"ImageObject\",\"inLanguage\":\"pt-BR\",\"@id\":\"https:\/\/guaraexpedicoes.com.br\/sigaolobo\/festa-junina\/#primaryimage\",\"url\":\"https:\/\/guaraexpedicoes.com.br\/sigaolobo\/wp-content\/uploads\/2025\/02\/Festa-junina.png\",\"contentUrl\":\"https:\/\/guaraexpedicoes.com.br\/sigaolobo\/wp-content\/uploads\/2025\/02\/Festa-junina.png\",\"width\":1920,\"height\":1920},{\"@type\":\"BreadcrumbList\",\"@id\":\"https:\/\/guaraexpedicoes.com.br\/sigaolobo\/festa-junina\/#breadcrumb\",\"itemListElement\":[{\"@type\":\"ListItem\",\"position\":1,\"name\":\"In\u00edcio\",\"item\":\"https:\/\/guaraexpedicoes.com.br\/sigaolobo\/\"},{\"@type\":\"ListItem\",\"position\":2,\"name\":\"Festa Junina da Guar\u00e1\"}]},{\"@type\":\"WebSite\",\"@id\":\"https:\/\/guaraexpedicoes.com.br\/sigaolobo\/#website\",\"url\":\"https:\/\/guaraexpedicoes.com.br\/sigaolobo\/\",\"name\":\"GUARA EXPEDI\u00c7\u00d5ES\",\"description\":\"Travessias e Expedi\u00e7\u00f5es Overland 4x4 pelas paisagens mais incr\u00edveis da Am\u00e9rica do Sul\",\"publisher\":{\"@id\":\"https:\/\/guaraexpedicoes.com.br\/sigaolobo\/#organization\"},\"potentialAction\":[{\"@type\":\"SearchAction\",\"target\":{\"@type\":\"EntryPoint\",\"urlTemplate\":\"https:\/\/guaraexpedicoes.com.br\/sigaolobo\/?s={search_term_string}\"},\"query-input\":{\"@type\":\"PropertyValueSpecification\",\"valueRequired\":true,\"valueName\":\"search_term_string\"}}],\"inLanguage\":\"pt-BR\"},{\"@type\":\"Organization\",\"@id\":\"https:\/\/guaraexpedicoes.com.br\/sigaolobo\/#organization\",\"name\":\"GUARA EXPEDI\u00c7\u00d5ES\",\"url\":\"https:\/\/guaraexpedicoes.com.br\/sigaolobo\/\",\"logo\":{\"@type\":\"ImageObject\",\"inLanguage\":\"pt-BR\",\"@id\":\"https:\/\/guaraexpedicoes.com.br\/sigaolobo\/#\/schema\/logo\/image\/\",\"url\":\"https:\/\/guaraexpedicoes.com.br\/sigaolobo\/wp-content\/uploads\/2024\/08\/Guara-logo-alta.png\",\"contentUrl\":\"https:\/\/guaraexpedicoes.com.br\/sigaolobo\/wp-content\/uploads\/2024\/08\/Guara-logo-alta.png\",\"width\":1180,\"height\":259,\"caption\":\"GUARA EXPEDI\u00c7\u00d5ES\"},\"image\":{\"@id\":\"https:\/\/guaraexpedicoes.com.br\/sigaolobo\/#\/schema\/logo\/image\/\"}}]}<\/script>\n<!-- \/ Yoast SEO plugin. -->","yoast_head_json":{"title":"Festa Junina da Guar\u00e1 - GUARA EXPEDI\u00c7\u00d5ES","robots":{"index":"index","follow":"follow","max-snippet":"max-snippet:-1","max-image-preview":"max-image-preview:large","max-video-preview":"max-video-preview:-1"},"canonical":"https:\/\/guaraexpedicoes.com.br\/sigaolobo\/festa-junina\/","og_locale":"pt_BR","og_type":"article","og_title":"Festa Junina da Guar\u00e1 - GUARA EXPEDI\u00c7\u00d5ES","og_description":"vai ter pipoca, quent\u00e3oe casamento caipira De 30 de maio a 01 de junho Festa da Guar\u00e1 apenas no final de ano, \u00e9 muito pouco!!!! Ent\u00e3o venha para nossa festa junina, vai ter quent\u00e3o, pipoca, milho e muita divers\u00e3o.\u00a0 O lugar? Imagina se n\u00e3o \u00e9 S\u00e3o Luiz do Paraitinga!! Mais caipira que isso s\u00f3 se [&hellip;]","og_url":"https:\/\/guaraexpedicoes.com.br\/sigaolobo\/festa-junina\/","og_site_name":"GUARA EXPEDI\u00c7\u00d5ES","article_modified_time":"2025-03-06T12:57:10+00:00","og_image":[{"width":1024,"height":1024,"url":"https:\/\/guaraexpedicoes.com.br\/sigaolobo\/wp-content\/uploads\/2025\/02\/Festa-junina-1024x1024.png","type":"image\/png"}],"twitter_card":"summary_large_image","twitter_misc":{"Est. tempo de leitura":"2 minutos"},"schema":{"@context":"https:\/\/schema.org","@graph":[{"@type":"WebPage","@id":"https:\/\/guaraexpedicoes.com.br\/sigaolobo\/festa-junina\/","url":"https:\/\/guaraexpedicoes.com.br\/sigaolobo\/festa-junina\/","name":"Festa Junina da Guar\u00e1 - GUARA EXPEDI\u00c7\u00d5ES","isPartOf":{"@id":"https:\/\/guaraexpedicoes.com.br\/sigaolobo\/#website"},"primaryImageOfPage":{"@id":"https:\/\/guaraexpedicoes.com.br\/sigaolobo\/festa-junina\/#primaryimage"},"image":{"@id":"https:\/\/guaraexpedicoes.com.br\/sigaolobo\/festa-junina\/#primaryimage"},"thumbnailUrl":"https:\/\/guaraexpedicoes.com.br\/sigaolobo\/wp-content\/uploads\/2025\/02\/Festa-junina.png","datePublished":"2023-09-16T20:39:12+00:00","dateModified":"2025-03-06T12:57:10+00:00","breadcrumb":{"@id":"https:\/\/guaraexpedicoes.com.br\/sigaolobo\/festa-junina\/#breadcrumb"},"inLanguage":"pt-BR","potentialAction":[{"@type":"ReadAction","target":["https:\/\/guaraexpedicoes.com.br\/sigaolobo\/festa-junina\/"]}]},{"@type":"ImageObject","inLanguage":"pt-BR","@id":"https:\/\/guaraexpedicoes.com.br\/sigaolobo\/festa-junina\/#primaryimage","url":"https:\/\/guaraexpedicoes.com.br\/sigaolobo\/wp-content\/uploads\/2025\/02\/Festa-junina.png","contentUrl":"https:\/\/guaraexpedicoes.com.br\/sigaolobo\/wp-content\/uploads\/2025\/02\/Festa-junina.png","width":1920,"height":1920},{"@type":"BreadcrumbList","@id":"https:\/\/guaraexpedicoes.com.br\/sigaolobo\/festa-junina\/#breadcrumb","itemListElement":[{"@type":"ListItem","position":1,"name":"In\u00edcio","item":"https:\/\/guaraexpedicoes.com.br\/sigaolobo\/"},{"@type":"ListItem","position":2,"name":"Festa Junina da Guar\u00e1"}]},{"@type":"WebSite","@id":"https:\/\/guaraexpedicoes.com.br\/sigaolobo\/#website","url":"https:\/\/guaraexpedicoes.com.br\/sigaolobo\/","name":"GUARA EXPEDI\u00c7\u00d5ES","description":"Travessias e Expedi\u00e7\u00f5es Overland 4x4 pelas paisagens mais incr\u00edveis da Am\u00e9rica do Sul","publisher":{"@id":"https:\/\/guaraexpedicoes.com.br\/sigaolobo\/#organization"},"potentialAction":[{"@type":"SearchAction","target":{"@type":"EntryPoint","urlTemplate":"https:\/\/guaraexpedicoes.com.br\/sigaolobo\/?s={search_term_string}"},"query-input":{"@type":"PropertyValueSpecification","valueRequired":true,"valueName":"search_term_string"}}],"inLanguage":"pt-BR"},{"@type":"Organization","@id":"https:\/\/guaraexpedicoes.com.br\/sigaolobo\/#organization","name":"GUARA EXPEDI\u00c7\u00d5ES","url":"https:\/\/guaraexpedicoes.com.br\/sigaolobo\/","logo":{"@type":"ImageObject","inLanguage":"pt-BR","@id":"https:\/\/guaraexpedicoes.com.br\/sigaolobo\/#\/schema\/logo\/image\/","url":"https:\/\/guaraexpedicoes.com.br\/sigaolobo\/wp-content\/uploads\/2024\/08\/Guara-logo-alta.png","contentUrl":"https:\/\/guaraexpedicoes.com.br\/sigaolobo\/wp-content\/uploads\/2024\/08\/Guara-logo-alta.png","width":1180,"height":259,"caption":"GUARA EXPEDI\u00c7\u00d5ES"},"image":{"@id":"https:\/\/guaraexpedicoes.com.br\/sigaolobo\/#\/schema\/logo\/image\/"}}]}},"_links":{"self":[{"href":"https:\/\/guaraexpedicoes.com.br\/sigaolobo\/wp-json\/wp\/v2\/pages\/1190","targetHints":{"allow":["GET"]}}],"collection":[{"href":"https:\/\/guaraexpedicoes.com.br\/sigaolobo\/wp-json\/wp\/v2\/pages"}],"about":[{"href":"https:\/\/guaraexpedicoes.com.br\/sigaolobo\/wp-json\/wp\/v2\/types\/page"}],"author":[{"embeddable":true,"href":"https:\/\/guaraexpedicoes.com.br\/sigaolobo\/wp-json\/wp\/v2\/users\/1"}],"replies":[{"embeddable":true,"href":"https:\/\/guaraexpedicoes.com.br\/sigaolobo\/wp-json\/wp\/v2\/comments?post=1190"}],"version-history":[{"count":38,"href":"https:\/\/guaraexpedicoes.com.br\/sigaolobo\/wp-json\/wp\/v2\/pages\/1190\/revisions"}],"predecessor-version":[{"id":3476,"href":"https:\/\/guaraexpedicoes.com.br\/sigaolobo\/wp-json\/wp\/v2\/pages\/1190\/revisions\/3476"}],"wp:featuredmedia":[{"embeddable":true,"href":"https:\/\/guaraexpedicoes.com.br\/sigaolobo\/wp-json\/wp\/v2\/media\/3470"}],"wp:attachment":[{"href":"https:\/\/guaraexpedicoes.com.br\/sigaolobo\/wp-json\/wp\/v2\/media?parent=1190"}],"curies":[{"name":"wp","href":"https:\/\/api.w.org\/{rel}","templated":true}]}}