{"id":4096,"date":"2026-01-29T20:17:42","date_gmt":"2026-01-29T20:17:42","guid":{"rendered":"https:\/\/guaraexpedicoes.com.br\/sigaolobo\/?page_id=4096"},"modified":"2026-01-29T22:05:39","modified_gmt":"2026-01-29T22:05:39","slug":"04-piramides-sagradas-e-canions","status":"publish","type":"page","link":"https:\/\/guaraexpedicoes.com.br\/sigaolobo\/04-piramides-sagradas-e-canions\/","title":{"rendered":"04 &#8211; Pir\u00e2mides Sagradas e C\u00e2nions"},"content":{"rendered":"\t\t<div data-elementor-type=\"wp-page\" data-elementor-id=\"4096\" class=\"elementor elementor-4096\" data-elementor-post-type=\"page\">\n\t\t\t\t\t\t<section class=\"elementor-section elementor-top-section elementor-element elementor-element-50223e69 elementor-section-height-min-height elementor-section-boxed elementor-section-height-default elementor-section-items-middle elementor-invisible\" data-id=\"50223e69\" data-element_type=\"section\" data-e-type=\"section\" data-settings=\"{&quot;background_background&quot;:&quot;classic&quot;,&quot;animation&quot;:&quot;fadeIn&quot;}\">\n\t\t\t\t\t\t\t<div class=\"elementor-background-overlay\"><\/div>\n\t\t\t\t\t\t\t<div class=\"elementor-container elementor-column-gap-default\">\n\t\t\t\t\t<div class=\"elementor-column elementor-col-100 elementor-top-column elementor-element elementor-element-6b0fa5d\" data-id=\"6b0fa5d\" data-element_type=\"column\" data-e-type=\"column\">\n\t\t\t<div class=\"elementor-widget-wrap elementor-element-populated\">\n\t\t\t\t\t\t<div class=\"elementor-element elementor-element-d87ca65 elementor-widget elementor-widget-heading\" data-id=\"d87ca65\" data-element_type=\"widget\" data-e-type=\"widget\" data-widget_type=\"heading.default\">\n\t\t\t\t<div class=\"elementor-widget-container\">\n\t\t\t\t\t<h1 class=\"elementor-heading-title elementor-size-default\">A magia e o encantamento das <\/h1>\t\t\t\t<\/div>\n\t\t\t\t<\/div>\n\t\t\t\t<div class=\"elementor-element elementor-element-180008c4 elementor-widget__width-initial elementor-invisible elementor-widget elementor-widget-heading\" data-id=\"180008c4\" data-element_type=\"widget\" data-e-type=\"widget\" data-settings=\"{&quot;_animation&quot;:&quot;fadeInUp&quot;,&quot;_animation_delay&quot;:400}\" data-widget_type=\"heading.default\">\n\t\t\t\t<div class=\"elementor-widget-container\">\n\t\t\t\t\t<h1 class=\"elementor-heading-title elementor-size-default\">Pir\u00c2mides sagradas e C\u00e2nions <\/h1>\t\t\t\t<\/div>\n\t\t\t\t<\/div>\n\t\t\t\t<div class=\"elementor-element elementor-element-3c55f237 elementor-widget elementor-widget-spacer\" data-id=\"3c55f237\" data-element_type=\"widget\" data-e-type=\"widget\" data-widget_type=\"spacer.default\">\n\t\t\t\t<div class=\"elementor-widget-container\">\n\t\t\t\t\t\t\t<div class=\"elementor-spacer\">\n\t\t\t<div class=\"elementor-spacer-inner\"><\/div>\n\t\t<\/div>\n\t\t\t\t\t\t<\/div>\n\t\t\t\t<\/div>\n\t\t\t\t\t<\/div>\n\t\t<\/div>\n\t\t\t\t\t<\/div>\n\t\t<\/section>\n\t\t\t\t<section class=\"elementor-section elementor-top-section elementor-element elementor-element-77628124 elementor-section-boxed elementor-section-height-default elementor-section-height-default\" data-id=\"77628124\" data-element_type=\"section\" data-e-type=\"section\" data-settings=\"{&quot;background_background&quot;:&quot;classic&quot;}\">\n\t\t\t\t\t\t<div class=\"elementor-container elementor-column-gap-default\">\n\t\t\t\t\t<div class=\"elementor-column elementor-col-50 elementor-top-column elementor-element elementor-element-91515cb animated-slow elementor-invisible\" data-id=\"91515cb\" data-element_type=\"column\" data-e-type=\"column\" data-settings=\"{&quot;animation&quot;:&quot;fadeInUp&quot;}\">\n\t\t\t<div class=\"elementor-widget-wrap elementor-element-populated\">\n\t\t\t\t\t\t<div class=\"elementor-element elementor-element-dd9a31c elementor-invisible elementor-widget elementor-widget-text-editor\" data-id=\"dd9a31c\" data-element_type=\"widget\" data-e-type=\"widget\" data-settings=\"{&quot;_animation&quot;:&quot;fadeInUp&quot;}\" data-widget_type=\"text-editor.default\">\n\t\t\t\t<div class=\"elementor-widget-container\">\n\t\t\t\t\t\t\t\t\t<p>DATA: De 02 a 05 de abril de 2026<\/p><p><span style=\"font-size: 20px; letter-spacing: 0.6px;\"><strong>PONTO DE ENCONTRO:<\/strong> Nos encontraremos dia 02, em Laguna &#8211; SC<\/span><\/p><p><span style=\"font-size: 20px; letter-spacing: 0.6px;\"><strong>ENCERRAMENTO:<\/strong> Bom Jardim da Serra\u00a0<\/span><\/p><p>Condu\u00e7\u00e3o: Andr\u00e9 e Paula<\/p><p><b>A TRAVESSIA<\/b><\/p><p>No feriado de P\u00e1scoa reuniremos um comboio para realizar a Travessia das Pir\u00e2mides Sagradas e C\u00e2nions. Trata-se de uma imers\u00e3o em meio ao esplendor da serra caterinense.\u00a0<\/p><p><span style=\"font-size: 20px; letter-spacing: 0.6px;\">A partir das Pir\u00e2mides Sagradas subiremos a serra e dormiremos junto a um incr\u00edvel c\u00e2nion.\u00a0<\/span><\/p><p><span style=\"font-size: 20px; letter-spacing: 0.6px;\">Aproveitaremos o final de semana de P\u00e1scoa compartilhando as paisagens, a comida de acampamento e as boas amizades dos comboios da Guar\u00e1.<\/span><\/p><p><b>DIFICULDADES DO TRAJETO<\/b><\/p><p><span style=\"font-size: 20px; color: var( --e-global-color-text );\">Parte significativa do trajeto ser\u00e1 em estradas rurais e algumas trilhas. \u00c9 recomendado apenas para ve\u00edculos 4&#215;4. O propriet\u00e1rio deve estar ciente que o ve\u00edculo pode sofrer pequenas avarias em fun\u00e7\u00e3o das dificuldades do terreno.\u00a0<\/span><\/p><p><b>ACAMPAMENTOS<\/b><\/p><p>A forma de hospedagem \u00e9 acampamentos. Nessa jornada, vamos combinar acampamento estruturado em camping e selvagem, no verdadeiro estilo overland.\u00a0<\/p><p><b style=\"font-size: 20px; letter-spacing: 0.6px;\">O QUE EST\u00c1 INCLU\u00cdDO:<\/b><\/p><p>&#8211; Adesivos da Expedi\u00e7\u00e3o<br \/>&#8211; Servi\u00e7o de condu\u00e7\u00e3o\u00a0<br \/>&#8211; Carro guia com guincho \/ r\u00e1dio e demais equipamentos<br \/>&#8211; Orienta\u00e7\u00f5es para a expedi\u00e7\u00e3o<\/p><p><b>O QUE N\u00c3O EST\u00c1 INCLU\u00cdDO: <\/b><\/p><p>&#8211; Di\u00e1rias de camping<br \/>&#8211; Alimenta\u00e7\u00e3o<br \/>&#8211; Qualquer item n\u00e3o descrito com inclu\u00eddo<\/p><p><b>INVESTIMENTO<\/b><\/p><p>O custo por carro \u00e9 de R$ 1.050,00<\/p><p><b>FORMA DE PAGAMENTO:<\/b><\/p><p><span style=\"font-size: 20px; color: var( --e-global-color-text );\">Taxa de inscri\u00e7\u00e3o para garantia da vaga (valor n\u00e3o reembols\u00e1vel): R$ 315,00<\/span><\/p><p><span style=\"font-size: 20px; color: var( --e-global-color-text );\">Valor Restante: R$ 735,00 em condi\u00e7\u00f5es a combinar at\u00e9 20 dias antes da viagem<\/span><\/p><p><span style=\"font-size: 20px; color: var( --e-global-color-text );\">A vista: 5% de Desconto R$ 997,50<\/span><\/p>\t\t\t\t\t\t\t\t<\/div>\n\t\t\t\t<\/div>\n\t\t\t\t<div class=\"elementor-element elementor-element-aa431ab elementor-align-center elementor-mobile-align-center elementor-hidden-tablet elementor-hidden-mobile elementor-widget elementor-widget-button\" data-id=\"aa431ab\" data-element_type=\"widget\" data-e-type=\"widget\" data-widget_type=\"button.default\">\n\t\t\t\t<div class=\"elementor-widget-container\">\n\t\t\t\t\t\t\t\t\t<div class=\"elementor-button-wrapper\">\n\t\t\t\t\t<a class=\"elementor-button elementor-button-link elementor-size-lg\" href=\"https:\/\/wa.me\/5551985970762\">\n\t\t\t\t\t\t<span class=\"elementor-button-content-wrapper\">\n\t\t\t\t\t\t<span class=\"elementor-button-icon\">\n\t\t\t\t<i aria-hidden=\"true\" class=\"fab fa-whatsapp\"><\/i>\t\t\t<\/span>\n\t\t\t\t\t\t\t\t\t<span class=\"elementor-button-text\">FALE COM A GENTE<\/span>\n\t\t\t\t\t<\/span>\n\t\t\t\t\t<\/a>\n\t\t\t\t<\/div>\n\t\t\t\t\t\t\t\t<\/div>\n\t\t\t\t<\/div>\n\t\t\t\t\t<\/div>\n\t\t<\/div>\n\t\t\t\t<div class=\"elementor-column elementor-col-50 elementor-top-column elementor-element elementor-element-d4a5da9 animated-slow elementor-invisible\" data-id=\"d4a5da9\" data-element_type=\"column\" data-e-type=\"column\" data-settings=\"{&quot;animation&quot;:&quot;fadeInUp&quot;}\">\n\t\t\t<div class=\"elementor-widget-wrap elementor-element-populated\">\n\t\t\t\t\t\t<div class=\"elementor-element elementor-element-1571006 elementor-widget-tablet__width-initial elementor-widget elementor-widget-image\" data-id=\"1571006\" data-element_type=\"widget\" data-e-type=\"widget\" data-widget_type=\"image.default\">\n\t\t\t\t<div class=\"elementor-widget-container\">\n\t\t\t\t\t\t\t\t\t\t\t\t\t\t\t<img fetchpriority=\"high\" decoding=\"async\" width=\"640\" height=\"640\" src=\"https:\/\/guaraexpedicoes.com.br\/sigaolobo\/wp-content\/uploads\/2026\/01\/oiramides-sagradas-e-canions_thumb.jpg\" class=\"attachment-medium_large size-medium_large wp-image-4109\" alt=\"\" \/>\t\t\t\t\t\t\t\t\t\t\t\t\t\t\t<\/div>\n\t\t\t\t<\/div>\n\t\t\t\t<div class=\"elementor-element elementor-element-34f67b6f elementor-widget-tablet__width-initial elementor-widget elementor-widget-image\" data-id=\"34f67b6f\" data-element_type=\"widget\" data-e-type=\"widget\" data-widget_type=\"image.default\">\n\t\t\t\t<div class=\"elementor-widget-container\">\n\t\t\t\t\t\t\t\t\t\t\t\t\t\t\t<img decoding=\"async\" width=\"853\" height=\"853\" src=\"https:\/\/guaraexpedicoes.com.br\/sigaolobo\/wp-content\/uploads\/2023\/02\/76946.jpeg\" class=\"attachment-full size-full wp-image-177\" alt=\"\" srcset=\"https:\/\/guaraexpedicoes.com.br\/sigaolobo\/wp-content\/uploads\/2023\/02\/76946.jpeg 853w, https:\/\/guaraexpedicoes.com.br\/sigaolobo\/wp-content\/uploads\/2023\/02\/76946-300x300.jpeg 300w, https:\/\/guaraexpedicoes.com.br\/sigaolobo\/wp-content\/uploads\/2023\/02\/76946-150x150.jpeg 150w, https:\/\/guaraexpedicoes.com.br\/sigaolobo\/wp-content\/uploads\/2023\/02\/76946-768x768.jpeg 768w\" sizes=\"(max-width: 853px) 100vw, 853px\" \/>\t\t\t\t\t\t\t\t\t\t\t\t\t\t\t<\/div>\n\t\t\t\t<\/div>\n\t\t\t\t<div class=\"elementor-element elementor-element-3224d8b9 elementor-invisible elementor-widget elementor-widget-heading\" data-id=\"3224d8b9\" data-element_type=\"widget\" data-e-type=\"widget\" data-settings=\"{&quot;_animation&quot;:&quot;fadeInUp&quot;,&quot;_animation_delay&quot;:500}\" data-widget_type=\"heading.default\">\n\t\t\t\t<div class=\"elementor-widget-container\">\n\t\t\t\t\t<h2 class=\"elementor-heading-title elementor-size-default\">QUEM Conduz?<\/h2>\t\t\t\t<\/div>\n\t\t\t\t<\/div>\n\t\t\t\t<div class=\"elementor-element elementor-element-7825d06 elementor-widget elementor-widget-text-editor\" data-id=\"7825d06\" data-element_type=\"widget\" data-e-type=\"widget\" data-settings=\"{&quot;_animation&quot;:&quot;none&quot;,&quot;_animation_delay&quot;:500}\" data-widget_type=\"text-editor.default\">\n\t\t\t\t<div class=\"elementor-widget-container\">\n\t\t\t\t\t\t\t\t\t<p><span style=\"color: #7a7a7a;\"><span style=\"letter-spacing: 0.6px; word-spacing: 0px;\">Essa travessia ser\u00e1 conduzida pelo casal Andr\u00e9 e Paula, os fundadores da Guar\u00e1 Expedil\u00e7\u00f5es<\/span><\/span><\/p><p><strong><span style=\"font-family: inherit; font-style: inherit; font-variant-ligatures: inherit; font-variant-caps: inherit; letter-spacing: 0.7px; color: #7a7a7a;\"><span style=\"letter-spacing: 0.6px; word-spacing: 0px;\">Para tirar alguma d\u00favida ou garantir sua vaga, nos chame no WhatsApp clicando no bot\u00e3o abaixo<\/span><\/span><\/strong><\/p>\t\t\t\t\t\t\t\t<\/div>\n\t\t\t\t<\/div>\n\t\t\t\t<div class=\"elementor-element elementor-element-3660c66 elementor-align-center elementor-mobile-align-center elementor-widget elementor-widget-button\" data-id=\"3660c66\" data-element_type=\"widget\" data-e-type=\"widget\" data-widget_type=\"button.default\">\n\t\t\t\t<div class=\"elementor-widget-container\">\n\t\t\t\t\t\t\t\t\t<div class=\"elementor-button-wrapper\">\n\t\t\t\t\t<a class=\"elementor-button elementor-button-link elementor-size-lg\" href=\"https:\/\/wa.me\/5551985970762\">\n\t\t\t\t\t\t<span class=\"elementor-button-content-wrapper\">\n\t\t\t\t\t\t<span class=\"elementor-button-icon\">\n\t\t\t\t<i aria-hidden=\"true\" class=\"fab fa-whatsapp\"><\/i>\t\t\t<\/span>\n\t\t\t\t\t\t\t\t\t<span class=\"elementor-button-text\">FALE COM A GENTE<\/span>\n\t\t\t\t\t<\/span>\n\t\t\t\t\t<\/a>\n\t\t\t\t<\/div>\n\t\t\t\t\t\t\t\t<\/div>\n\t\t\t\t<\/div>\n\t\t\t\t\t<\/div>\n\t\t<\/div>\n\t\t\t\t\t<\/div>\n\t\t<\/section>\n\t\t\t\t<\/div>\n\t\t","protected":false},"excerpt":{"rendered":"<p>A magia e o encantamento das Pir\u00c2mides sagradas e C\u00e2nions DATA: De 02 a 05 de abril de 2026 PONTO DE ENCONTRO: Nos encontraremos dia 02, em Laguna &#8211; SC ENCERRAMENTO: Bom Jardim da Serra\u00a0 Condu\u00e7\u00e3o: Andr\u00e9 e Paula A TRAVESSIA No feriado de P\u00e1scoa reuniremos um comboio para realizar a Travessia das Pir\u00e2mides Sagradas [&hellip;]<\/p>\n","protected":false},"author":1,"featured_media":4109,"parent":0,"menu_order":0,"comment_status":"closed","ping_status":"closed","template":"","meta":{"_eb_attr":"","ocean_post_layout":"","ocean_both_sidebars_style":"","ocean_both_sidebars_content_width":0,"ocean_both_sidebars_sidebars_width":0,"ocean_sidebar":"0","ocean_second_sidebar":"0","ocean_disable_margins":"enable","ocean_add_body_class":"","ocean_shortcode_before_top_bar":"","ocean_shortcode_after_top_bar":"","ocean_shortcode_before_header":"","ocean_shortcode_after_header":"","ocean_has_shortcode":"","ocean_shortcode_after_title":"","ocean_shortcode_before_footer_widgets":"","ocean_shortcode_after_footer_widgets":"","ocean_shortcode_before_footer_bottom":"","ocean_shortcode_after_footer_bottom":"","ocean_display_top_bar":"default","ocean_display_header":"default","ocean_header_style":"","ocean_center_header_left_menu":"0","ocean_custom_header_template":"0","ocean_custom_logo":0,"ocean_custom_retina_logo":0,"ocean_custom_logo_max_width":0,"ocean_custom_logo_tablet_max_width":0,"ocean_custom_logo_mobile_max_width":0,"ocean_custom_logo_max_height":0,"ocean_custom_logo_tablet_max_height":0,"ocean_custom_logo_mobile_max_height":0,"ocean_header_custom_menu":"0","ocean_menu_typo_font_family":"0","ocean_menu_typo_font_subset":"","ocean_menu_typo_font_size":0,"ocean_menu_typo_font_size_tablet":0,"ocean_menu_typo_font_size_mobile":0,"ocean_menu_typo_font_size_unit":"px","ocean_menu_typo_font_weight":"","ocean_menu_typo_font_weight_tablet":"","ocean_menu_typo_font_weight_mobile":"","ocean_menu_typo_transform":"","ocean_menu_typo_transform_tablet":"","ocean_menu_typo_transform_mobile":"","ocean_menu_typo_line_height":0,"ocean_menu_typo_line_height_tablet":0,"ocean_menu_typo_line_height_mobile":0,"ocean_menu_typo_line_height_unit":"","ocean_menu_typo_spacing":0,"ocean_menu_typo_spacing_tablet":0,"ocean_menu_typo_spacing_mobile":0,"ocean_menu_typo_spacing_unit":"","ocean_menu_link_color":"","ocean_menu_link_color_hover":"","ocean_menu_link_color_active":"","ocean_menu_link_background":"","ocean_menu_link_hover_background":"","ocean_menu_link_active_background":"","ocean_menu_social_links_bg":"","ocean_menu_social_hover_links_bg":"","ocean_menu_social_links_color":"","ocean_menu_social_hover_links_color":"","ocean_disable_title":"default","ocean_disable_heading":"default","ocean_post_title":"","ocean_post_subheading":"","ocean_post_title_style":"","ocean_post_title_background_color":"","ocean_post_title_background":0,"ocean_post_title_bg_image_position":"","ocean_post_title_bg_image_attachment":"","ocean_post_title_bg_image_repeat":"","ocean_post_title_bg_image_size":"","ocean_post_title_height":0,"ocean_post_title_bg_overlay":0.5,"ocean_post_title_bg_overlay_color":"","ocean_disable_breadcrumbs":"default","ocean_breadcrumbs_color":"","ocean_breadcrumbs_separator_color":"","ocean_breadcrumbs_links_color":"","ocean_breadcrumbs_links_hover_color":"","ocean_display_footer_widgets":"default","ocean_display_footer_bottom":"default","ocean_custom_footer_template":"0","footnotes":""},"class_list":["post-4096","page","type-page","status-publish","has-post-thumbnail","hentry","entry","has-media"],"yoast_head":"<!-- This site is optimized with the Yoast SEO plugin v27.2 - https:\/\/yoast.com\/product\/yoast-seo-wordpress\/ -->\n<title>04 - Pir\u00e2mides Sagradas e C\u00e2nions - GUARA EXPEDI\u00c7\u00d5ES<\/title>\n<meta name=\"description\" content=\"No feriado de P\u00e1scoa reuniremos um comboio para realizar a Travessia das Pir\u00e2medes Sagradas e os C\u00e2nions de SC\" \/>\n<meta name=\"robots\" content=\"index, follow, max-snippet:-1, max-image-preview:large, max-video-preview:-1\" \/>\n<link rel=\"canonical\" href=\"https:\/\/guaraexpedicoes.com.br\/sigaolobo\/04-piramides-sagradas-e-canions\/\" \/>\n<meta property=\"og:locale\" content=\"pt_BR\" \/>\n<meta property=\"og:type\" content=\"article\" \/>\n<meta property=\"og:title\" content=\"04 - Pir\u00e2mides Sagradas e C\u00e2nions - GUARA EXPEDI\u00c7\u00d5ES\" \/>\n<meta property=\"og:description\" content=\"No feriado de P\u00e1scoa reuniremos um comboio para realizar a Travessia das Pir\u00e2medes Sagradas e os C\u00e2nions de SC\" \/>\n<meta property=\"og:url\" content=\"https:\/\/guaraexpedicoes.com.br\/sigaolobo\/04-piramides-sagradas-e-canions\/\" \/>\n<meta property=\"og:site_name\" content=\"GUARA EXPEDI\u00c7\u00d5ES\" \/>\n<meta property=\"article:modified_time\" content=\"2026-01-29T22:05:39+00:00\" \/>\n<meta property=\"og:image\" content=\"https:\/\/guaraexpedicoes.com.br\/sigaolobo\/wp-content\/uploads\/2026\/01\/oiramides-sagradas-e-canions_thumb.jpg\" \/>\n\t<meta property=\"og:image:width\" content=\"640\" \/>\n\t<meta property=\"og:image:height\" content=\"640\" \/>\n\t<meta property=\"og:image:type\" content=\"image\/jpeg\" \/>\n<meta name=\"twitter:card\" content=\"summary_large_image\" \/>\n<meta name=\"twitter:label1\" content=\"Est. tempo de leitura\" \/>\n\t<meta name=\"twitter:data1\" content=\"2 minutos\" \/>\n<script type=\"application\/ld+json\" class=\"yoast-schema-graph\">{\"@context\":\"https:\/\/schema.org\",\"@graph\":[{\"@type\":\"WebPage\",\"@id\":\"https:\/\/guaraexpedicoes.com.br\/sigaolobo\/04-piramides-sagradas-e-canions\/\",\"url\":\"https:\/\/guaraexpedicoes.com.br\/sigaolobo\/04-piramides-sagradas-e-canions\/\",\"name\":\"04 - Pir\u00e2mides Sagradas e C\u00e2nions - GUARA EXPEDI\u00c7\u00d5ES\",\"isPartOf\":{\"@id\":\"https:\/\/guaraexpedicoes.com.br\/sigaolobo\/#website\"},\"primaryImageOfPage\":{\"@id\":\"https:\/\/guaraexpedicoes.com.br\/sigaolobo\/04-piramides-sagradas-e-canions\/#primaryimage\"},\"image\":{\"@id\":\"https:\/\/guaraexpedicoes.com.br\/sigaolobo\/04-piramides-sagradas-e-canions\/#primaryimage\"},\"thumbnailUrl\":\"https:\/\/guaraexpedicoes.com.br\/sigaolobo\/wp-content\/uploads\/2026\/01\/oiramides-sagradas-e-canions_thumb.jpg\",\"datePublished\":\"2026-01-29T20:17:42+00:00\",\"dateModified\":\"2026-01-29T22:05:39+00:00\",\"description\":\"No feriado de P\u00e1scoa reuniremos um comboio para realizar a Travessia das Pir\u00e2medes Sagradas e os C\u00e2nions de SC\",\"breadcrumb\":{\"@id\":\"https:\/\/guaraexpedicoes.com.br\/sigaolobo\/04-piramides-sagradas-e-canions\/#breadcrumb\"},\"inLanguage\":\"pt-BR\",\"potentialAction\":[{\"@type\":\"ReadAction\",\"target\":[\"https:\/\/guaraexpedicoes.com.br\/sigaolobo\/04-piramides-sagradas-e-canions\/\"]}]},{\"@type\":\"ImageObject\",\"inLanguage\":\"pt-BR\",\"@id\":\"https:\/\/guaraexpedicoes.com.br\/sigaolobo\/04-piramides-sagradas-e-canions\/#primaryimage\",\"url\":\"https:\/\/guaraexpedicoes.com.br\/sigaolobo\/wp-content\/uploads\/2026\/01\/oiramides-sagradas-e-canions_thumb.jpg\",\"contentUrl\":\"https:\/\/guaraexpedicoes.com.br\/sigaolobo\/wp-content\/uploads\/2026\/01\/oiramides-sagradas-e-canions_thumb.jpg\",\"width\":640,\"height\":640},{\"@type\":\"BreadcrumbList\",\"@id\":\"https:\/\/guaraexpedicoes.com.br\/sigaolobo\/04-piramides-sagradas-e-canions\/#breadcrumb\",\"itemListElement\":[{\"@type\":\"ListItem\",\"position\":1,\"name\":\"In\u00edcio\",\"item\":\"https:\/\/guaraexpedicoes.com.br\/sigaolobo\/\"},{\"@type\":\"ListItem\",\"position\":2,\"name\":\"04 &#8211; Pir\u00e2mides Sagradas e C\u00e2nions\"}]},{\"@type\":\"WebSite\",\"@id\":\"https:\/\/guaraexpedicoes.com.br\/sigaolobo\/#website\",\"url\":\"https:\/\/guaraexpedicoes.com.br\/sigaolobo\/\",\"name\":\"GUARA EXPEDI\u00c7\u00d5ES\",\"description\":\"Travessias e Expedi\u00e7\u00f5es Overland 4x4 pelas paisagens mais incr\u00edveis da Am\u00e9rica do Sul\",\"publisher\":{\"@id\":\"https:\/\/guaraexpedicoes.com.br\/sigaolobo\/#organization\"},\"potentialAction\":[{\"@type\":\"SearchAction\",\"target\":{\"@type\":\"EntryPoint\",\"urlTemplate\":\"https:\/\/guaraexpedicoes.com.br\/sigaolobo\/?s={search_term_string}\"},\"query-input\":{\"@type\":\"PropertyValueSpecification\",\"valueRequired\":true,\"valueName\":\"search_term_string\"}}],\"inLanguage\":\"pt-BR\"},{\"@type\":\"Organization\",\"@id\":\"https:\/\/guaraexpedicoes.com.br\/sigaolobo\/#organization\",\"name\":\"GUARA EXPEDI\u00c7\u00d5ES\",\"url\":\"https:\/\/guaraexpedicoes.com.br\/sigaolobo\/\",\"logo\":{\"@type\":\"ImageObject\",\"inLanguage\":\"pt-BR\",\"@id\":\"https:\/\/guaraexpedicoes.com.br\/sigaolobo\/#\/schema\/logo\/image\/\",\"url\":\"https:\/\/guaraexpedicoes.com.br\/sigaolobo\/wp-content\/uploads\/2024\/08\/Guara-logo-alta.png\",\"contentUrl\":\"https:\/\/guaraexpedicoes.com.br\/sigaolobo\/wp-content\/uploads\/2024\/08\/Guara-logo-alta.png\",\"width\":1180,\"height\":259,\"caption\":\"GUARA EXPEDI\u00c7\u00d5ES\"},\"image\":{\"@id\":\"https:\/\/guaraexpedicoes.com.br\/sigaolobo\/#\/schema\/logo\/image\/\"}}]}<\/script>\n<!-- \/ Yoast SEO plugin. -->","yoast_head_json":{"title":"04 - Pir\u00e2mides Sagradas e C\u00e2nions - GUARA EXPEDI\u00c7\u00d5ES","description":"No feriado de P\u00e1scoa reuniremos um comboio para realizar a Travessia das Pir\u00e2medes Sagradas e os C\u00e2nions de SC","robots":{"index":"index","follow":"follow","max-snippet":"max-snippet:-1","max-image-preview":"max-image-preview:large","max-video-preview":"max-video-preview:-1"},"canonical":"https:\/\/guaraexpedicoes.com.br\/sigaolobo\/04-piramides-sagradas-e-canions\/","og_locale":"pt_BR","og_type":"article","og_title":"04 - Pir\u00e2mides Sagradas e C\u00e2nions - GUARA EXPEDI\u00c7\u00d5ES","og_description":"No feriado de P\u00e1scoa reuniremos um comboio para realizar a Travessia das Pir\u00e2medes Sagradas e os C\u00e2nions de SC","og_url":"https:\/\/guaraexpedicoes.com.br\/sigaolobo\/04-piramides-sagradas-e-canions\/","og_site_name":"GUARA EXPEDI\u00c7\u00d5ES","article_modified_time":"2026-01-29T22:05:39+00:00","og_image":[{"width":640,"height":640,"url":"https:\/\/guaraexpedicoes.com.br\/sigaolobo\/wp-content\/uploads\/2026\/01\/oiramides-sagradas-e-canions_thumb.jpg","type":"image\/jpeg"}],"twitter_card":"summary_large_image","twitter_misc":{"Est. tempo de leitura":"2 minutos"},"schema":{"@context":"https:\/\/schema.org","@graph":[{"@type":"WebPage","@id":"https:\/\/guaraexpedicoes.com.br\/sigaolobo\/04-piramides-sagradas-e-canions\/","url":"https:\/\/guaraexpedicoes.com.br\/sigaolobo\/04-piramides-sagradas-e-canions\/","name":"04 - Pir\u00e2mides Sagradas e C\u00e2nions - GUARA EXPEDI\u00c7\u00d5ES","isPartOf":{"@id":"https:\/\/guaraexpedicoes.com.br\/sigaolobo\/#website"},"primaryImageOfPage":{"@id":"https:\/\/guaraexpedicoes.com.br\/sigaolobo\/04-piramides-sagradas-e-canions\/#primaryimage"},"image":{"@id":"https:\/\/guaraexpedicoes.com.br\/sigaolobo\/04-piramides-sagradas-e-canions\/#primaryimage"},"thumbnailUrl":"https:\/\/guaraexpedicoes.com.br\/sigaolobo\/wp-content\/uploads\/2026\/01\/oiramides-sagradas-e-canions_thumb.jpg","datePublished":"2026-01-29T20:17:42+00:00","dateModified":"2026-01-29T22:05:39+00:00","description":"No feriado de P\u00e1scoa reuniremos um comboio para realizar a Travessia das Pir\u00e2medes Sagradas e os C\u00e2nions de SC","breadcrumb":{"@id":"https:\/\/guaraexpedicoes.com.br\/sigaolobo\/04-piramides-sagradas-e-canions\/#breadcrumb"},"inLanguage":"pt-BR","potentialAction":[{"@type":"ReadAction","target":["https:\/\/guaraexpedicoes.com.br\/sigaolobo\/04-piramides-sagradas-e-canions\/"]}]},{"@type":"ImageObject","inLanguage":"pt-BR","@id":"https:\/\/guaraexpedicoes.com.br\/sigaolobo\/04-piramides-sagradas-e-canions\/#primaryimage","url":"https:\/\/guaraexpedicoes.com.br\/sigaolobo\/wp-content\/uploads\/2026\/01\/oiramides-sagradas-e-canions_thumb.jpg","contentUrl":"https:\/\/guaraexpedicoes.com.br\/sigaolobo\/wp-content\/uploads\/2026\/01\/oiramides-sagradas-e-canions_thumb.jpg","width":640,"height":640},{"@type":"BreadcrumbList","@id":"https:\/\/guaraexpedicoes.com.br\/sigaolobo\/04-piramides-sagradas-e-canions\/#breadcrumb","itemListElement":[{"@type":"ListItem","position":1,"name":"In\u00edcio","item":"https:\/\/guaraexpedicoes.com.br\/sigaolobo\/"},{"@type":"ListItem","position":2,"name":"04 &#8211; Pir\u00e2mides Sagradas e C\u00e2nions"}]},{"@type":"WebSite","@id":"https:\/\/guaraexpedicoes.com.br\/sigaolobo\/#website","url":"https:\/\/guaraexpedicoes.com.br\/sigaolobo\/","name":"GUARA EXPEDI\u00c7\u00d5ES","description":"Travessias e Expedi\u00e7\u00f5es Overland 4x4 pelas paisagens mais incr\u00edveis da Am\u00e9rica do Sul","publisher":{"@id":"https:\/\/guaraexpedicoes.com.br\/sigaolobo\/#organization"},"potentialAction":[{"@type":"SearchAction","target":{"@type":"EntryPoint","urlTemplate":"https:\/\/guaraexpedicoes.com.br\/sigaolobo\/?s={search_term_string}"},"query-input":{"@type":"PropertyValueSpecification","valueRequired":true,"valueName":"search_term_string"}}],"inLanguage":"pt-BR"},{"@type":"Organization","@id":"https:\/\/guaraexpedicoes.com.br\/sigaolobo\/#organization","name":"GUARA EXPEDI\u00c7\u00d5ES","url":"https:\/\/guaraexpedicoes.com.br\/sigaolobo\/","logo":{"@type":"ImageObject","inLanguage":"pt-BR","@id":"https:\/\/guaraexpedicoes.com.br\/sigaolobo\/#\/schema\/logo\/image\/","url":"https:\/\/guaraexpedicoes.com.br\/sigaolobo\/wp-content\/uploads\/2024\/08\/Guara-logo-alta.png","contentUrl":"https:\/\/guaraexpedicoes.com.br\/sigaolobo\/wp-content\/uploads\/2024\/08\/Guara-logo-alta.png","width":1180,"height":259,"caption":"GUARA EXPEDI\u00c7\u00d5ES"},"image":{"@id":"https:\/\/guaraexpedicoes.com.br\/sigaolobo\/#\/schema\/logo\/image\/"}}]}},"_links":{"self":[{"href":"https:\/\/guaraexpedicoes.com.br\/sigaolobo\/wp-json\/wp\/v2\/pages\/4096","targetHints":{"allow":["GET"]}}],"collection":[{"href":"https:\/\/guaraexpedicoes.com.br\/sigaolobo\/wp-json\/wp\/v2\/pages"}],"about":[{"href":"https:\/\/guaraexpedicoes.com.br\/sigaolobo\/wp-json\/wp\/v2\/types\/page"}],"author":[{"embeddable":true,"href":"https:\/\/guaraexpedicoes.com.br\/sigaolobo\/wp-json\/wp\/v2\/users\/1"}],"replies":[{"embeddable":true,"href":"https:\/\/guaraexpedicoes.com.br\/sigaolobo\/wp-json\/wp\/v2\/comments?post=4096"}],"version-history":[{"count":10,"href":"https:\/\/guaraexpedicoes.com.br\/sigaolobo\/wp-json\/wp\/v2\/pages\/4096\/revisions"}],"predecessor-version":[{"id":4146,"href":"https:\/\/guaraexpedicoes.com.br\/sigaolobo\/wp-json\/wp\/v2\/pages\/4096\/revisions\/4146"}],"wp:featuredmedia":[{"embeddable":true,"href":"https:\/\/guaraexpedicoes.com.br\/sigaolobo\/wp-json\/wp\/v2\/media\/4109"}],"wp:attachment":[{"href":"https:\/\/guaraexpedicoes.com.br\/sigaolobo\/wp-json\/wp\/v2\/media?parent=4096"}],"curies":[{"name":"wp","href":"https:\/\/api.w.org\/{rel}","templated":true}]}}